{"id":99,"date":"2025-10-29T09:39:43","date_gmt":"2025-10-29T08:39:43","guid":{"rendered":"https:\/\/e-kosztorysant.com.pl\/?page_id=99"},"modified":"2025-10-29T09:39:43","modified_gmt":"2025-10-29T08:39:43","slug":"instalacje-elektryczne","status":"publish","type":"page","link":"https:\/\/e-kosztorysant.com.pl\/?page_id=99","title":{"rendered":"Instalacje elektryczne"},"content":{"rendered":"\n<p>Instalacja elektryczna to&nbsp;zesp\u00f3\u0142 po\u0142\u0105czonych ze sob\u0105 urz\u0105dze\u0144, przewod\u00f3w i kabli, kt\u00f3re s\u0142u\u017c\u0105 do doprowadzenia energii elektrycznej z sieci rozdzielczej do odbiornik\u00f3w, takich jak gniazdka, o\u015bwietlenie czy urz\u0105dzenia. Obejmuje ona elementy takie jak przewody, gniazdka, w\u0142\u0105czniki, tablice rozdzielcze oraz zabezpieczenia, a jej podstawowym zadaniem jest zapewnienie bezpiecze\u0144stwa i prawid\u0142owego funkcjonowania urz\u0105dze\u0144 elektrycznych.&nbsp;<\/p>\n\n\n\n<ul class=\"wp-block-list\">\n<li><strong>Co wchodzi w sk\u0142ad instalacji?<\/strong>\n<ul class=\"wp-block-list\">\n<li>Przewody i kable elektroenergetyczne.<\/li>\n\n\n\n<li>Urz\u0105dzenia steruj\u0105ce, zabezpieczaj\u0105ce (np. bezpieczniki, wy\u0142\u0105czniki) i pomiarowe.<\/li>\n\n\n\n<li>Osprz\u0119t, taki jak gniazdka, w\u0142\u0105czniki i oprawy o\u015bwietleniowe.<\/li>\n\n\n\n<li>Tablice rozdzielcze.<\/li>\n\n\n\n<li>W niekt\u00f3rych przypadkach r\u00f3wnie\u017c rezerwowe \u017ar\u00f3d\u0142a energii, np. baterie akumulatorowe czy agregaty.<\/li>\n<\/ul>\n<\/li>\n\n\n\n<li><strong>G\u0142\u00f3wne zadania:<\/strong>\n<ul class=\"wp-block-list\">\n<li>Przesy\u0142anie energii elektrycznej z sieci do odbiornik\u00f3w.<\/li>\n\n\n\n<li>Zapewnienie bezpiecze\u0144stwa u\u017cytkownikom poprzez ochron\u0119 przed zwarciami, przepi\u0119ciami i po\u017carami.<\/li>\n\n\n\n<li>Umo\u017cliwienie wygodnego i funkcjonalnego u\u017cytkowania energii elektrycznej w budynkach.<\/li>\n<\/ul>\n<\/li>\n<\/ul>\n","protected":false},"excerpt":{"rendered":"<p>Instalacja elektryczna to&nbsp;zesp\u00f3\u0142 po\u0142\u0105czonych ze sob\u0105 urz\u0105dze\u0144, przewod\u00f3w i kabli, kt\u00f3re s\u0142u\u017c\u0105 do doprowadzenia energii elektrycznej z sieci rozdzielczej do odbiornik\u00f3w, takich jak gniazdka, o\u015bwietlenie czy urz\u0105dzenia. Obejmuje ona elementy takie jak przewody, gniazdka, w\u0142\u0105czniki, tablice rozdzielcze oraz zabezpieczenia, a jej podstawowym zadaniem jest zapewnienie bezpiecze\u0144stwa i prawid\u0142owego funkcjonowania urz\u0105dze\u0144 elektrycznych.&nbsp;<\/p>\n","protected":false},"author":1,"featured_media":0,"parent":0,"menu_order":0,"comment_status":"closed","ping_status":"closed","template":"","meta":{"footnotes":""},"class_list":["post-99","page","type-page","status-publish","hentry"],"_links":{"self":[{"href":"https:\/\/e-kosztorysant.com.pl\/index.php?rest_route=\/wp\/v2\/pages\/99","targetHints":{"allow":["GET"]}}],"collection":[{"href":"https:\/\/e-kosztorysant.com.pl\/index.php?rest_route=\/wp\/v2\/pages"}],"about":[{"href":"https:\/\/e-kosztorysant.com.pl\/index.php?rest_route=\/wp\/v2\/types\/page"}],"author":[{"embeddable":true,"href":"https:\/\/e-kosztorysant.com.pl\/index.php?rest_route=\/wp\/v2\/users\/1"}],"replies":[{"embeddable":true,"href":"https:\/\/e-kosztorysant.com.pl\/index.php?rest_route=%2Fwp%2Fv2%2Fcomments&post=99"}],"version-history":[{"count":1,"href":"https:\/\/e-kosztorysant.com.pl\/index.php?rest_route=\/wp\/v2\/pages\/99\/revisions"}],"predecessor-version":[{"id":100,"href":"https:\/\/e-kosztorysant.com.pl\/index.php?rest_route=\/wp\/v2\/pages\/99\/revisions\/100"}],"wp:attachment":[{"href":"https:\/\/e-kosztorysant.com.pl\/index.php?rest_route=%2Fwp%2Fv2%2Fmedia&parent=99"}],"curies":[{"name":"wp","href":"https:\/\/api.w.org\/{rel}","templated":true}]}}