{"id":36,"date":"2025-10-28T11:53:53","date_gmt":"2025-10-28T10:53:53","guid":{"rendered":"https:\/\/e-kosztorysant.com.pl\/?page_id=36"},"modified":"2025-10-29T12:52:18","modified_gmt":"2025-10-29T11:52:18","slug":"kosztorysowanie","status":"publish","type":"page","link":"https:\/\/e-kosztorysant.com.pl\/?page_id=36","title":{"rendered":"Witaj w \u015bwiecie kosztorysowania\u2026"},"content":{"rendered":"\n<blockquote class=\"wp-block-quote is-layout-flow wp-block-quote-is-layout-flow\">\n<p>Kosztorysowanie to\u00a0proces okre\u015blania koszt\u00f3w zwi\u0105zanych z realizacj\u0105 danego projektu, najcz\u0119\u015bciej budowlanego, remontowego lub instalacyjnego.\u00a0Jest to szczeg\u00f3\u0142owy dokument zawieraj\u0105cy szacunkowe lub dok\u0142adne koszty pracy, materia\u0142\u00f3w, sprz\u0119tu i innych czynnik\u00f3w.\u00a0S\u0142u\u017cy do planowania bud\u017cetu, por\u00f3wnywania ofert wykonawc\u00f3w, kontroli wydatk\u00f3w i jako podstawa do ewentualnego kredytowania.\u00a0<\/p>\n\n\n\n<p>Kluczowe aspekty kosztorysowania<\/p>\n\n\n\n<ul class=\"wp-block-list\">\n<li><strong>Cel:<\/strong>&nbsp;G\u0142\u00f3wnym celem jest zapewnienie przejrzysto\u015bci finansowej i precyzyjne oszacowanie bud\u017cetu przedsi\u0119wzi\u0119cia.&nbsp;<\/li>\n\n\n\n<li><strong>Elementy kosztorysu:<\/strong>&nbsp;Obejmuje koszty materia\u0142\u00f3w, robocizny, amortyzacji sprz\u0119tu, a tak\u017ce koszty po\u015brednie, takie jak obs\u0142uga prawna czy ubezpieczenie.&nbsp;<\/li>\n\n\n\n<li><strong>Zastosowanie:<\/strong>&nbsp;Jest wykorzystywane na r\u00f3\u017cnych etapach budowy \u2013 od fazy projektowej, przez przetargi, a\u017c po rozliczenie po zako\u0144czeniu prac (kosztorys powykonawczy).&nbsp;<\/li>\n\n\n\n<li><strong>Narz\u0119dzie planistyczne:<\/strong>&nbsp;Pomaga inwestorom w analizie ekonomicznej i podj\u0119ciu decyzji o inwestycji, a wykonawcom w rozliczaniu si\u0119 z klientem.&nbsp;<\/li>\n<\/ul>\n<\/blockquote>\n\n\n\n<p><\/p>\n","protected":false},"excerpt":{"rendered":"","protected":false},"author":1,"featured_media":0,"parent":0,"menu_order":0,"comment_status":"closed","ping_status":"closed","template":"","meta":{"footnotes":""},"class_list":["post-36","page","type-page","status-publish","hentry"],"_links":{"self":[{"href":"https:\/\/e-kosztorysant.com.pl\/index.php?rest_route=\/wp\/v2\/pages\/36","targetHints":{"allow":["GET"]}}],"collection":[{"href":"https:\/\/e-kosztorysant.com.pl\/index.php?rest_route=\/wp\/v2\/pages"}],"about":[{"href":"https:\/\/e-kosztorysant.com.pl\/index.php?rest_route=\/wp\/v2\/types\/page"}],"author":[{"embeddable":true,"href":"https:\/\/e-kosztorysant.com.pl\/index.php?rest_route=\/wp\/v2\/users\/1"}],"replies":[{"embeddable":true,"href":"https:\/\/e-kosztorysant.com.pl\/index.php?rest_route=%2Fwp%2Fv2%2Fcomments&post=36"}],"version-history":[{"count":4,"href":"https:\/\/e-kosztorysant.com.pl\/index.php?rest_route=\/wp\/v2\/pages\/36\/revisions"}],"predecessor-version":[{"id":145,"href":"https:\/\/e-kosztorysant.com.pl\/index.php?rest_route=\/wp\/v2\/pages\/36\/revisions\/145"}],"wp:attachment":[{"href":"https:\/\/e-kosztorysant.com.pl\/index.php?rest_route=%2Fwp%2Fv2%2Fmedia&parent=36"}],"curies":[{"name":"wp","href":"https:\/\/api.w.org\/{rel}","templated":true}]}}