{"id":139,"date":"2025-10-29T11:33:12","date_gmt":"2025-10-29T10:33:12","guid":{"rendered":"https:\/\/e-kosztorysant.com.pl\/?page_id=139"},"modified":"2025-10-29T11:34:00","modified_gmt":"2025-10-29T10:34:00","slug":"roboty-budowlane","status":"publish","type":"page","link":"https:\/\/e-kosztorysant.com.pl\/?page_id=139","title":{"rendered":"Prace budowlane"},"content":{"rendered":"\n<p>Prace budowlane to budowa, przebudowa, monta\u017c, remont lub rozbi\u00f3rka obiekt\u00f3w budowlanych. S\u0105 to czynno\u015bci regulowane przez prawo budowlane, kt\u00f3re obejmuj\u0105 szeroki zakres prac od wznoszenia fundament\u00f3w po monta\u017c instalacji i demonta\u017c istniej\u0105cych konstrukcji.&nbsp;<\/p>\n\n\n\n<p>Co wchodzi w zakres prac budowlanych?<\/p>\n\n\n\n<ul class=\"wp-block-list\">\n<li><strong>Budowa:<\/strong>&nbsp;Wykonywanie obiektu budowlanego od podstaw, a tak\u017ce odbudowa, rozbudowa czy nadbudowa.<\/li>\n\n\n\n<li><strong>Przebudowa:<\/strong>&nbsp;Roboty, kt\u00f3re zmieniaj\u0105 parametry u\u017cytkowe lub techniczne istniej\u0105cego obiektu.<\/li>\n\n\n\n<li><strong>Monta\u017c:<\/strong>&nbsp;Sk\u0142adanie obiekt\u00f3w z gotowych element\u00f3w.<\/li>\n\n\n\n<li><strong>Remont:<\/strong>&nbsp;Odtworzenie stanu pierwotnego, kt\u00f3re nie jest bie\u017c\u0105c\u0105 konserwacj\u0105.<\/li>\n\n\n\n<li><strong>Rozbi\u00f3rka:<\/strong>&nbsp;Niszczenie istniej\u0105cego obiektu budowlanego.&nbsp;<\/li>\n<\/ul>\n","protected":false},"excerpt":{"rendered":"<p>Prace budowlane to budowa, przebudowa, monta\u017c, remont lub rozbi\u00f3rka obiekt\u00f3w budowlanych. S\u0105 to czynno\u015bci regulowane przez prawo budowlane, kt\u00f3re obejmuj\u0105 szeroki zakres prac od wznoszenia fundament\u00f3w po monta\u017c instalacji i demonta\u017c istniej\u0105cych konstrukcji.&nbsp; Co wchodzi w zakres prac budowlanych?<\/p>\n","protected":false},"author":1,"featured_media":0,"parent":0,"menu_order":0,"comment_status":"closed","ping_status":"closed","template":"","meta":{"footnotes":""},"class_list":["post-139","page","type-page","status-publish","hentry"],"_links":{"self":[{"href":"https:\/\/e-kosztorysant.com.pl\/index.php?rest_route=\/wp\/v2\/pages\/139","targetHints":{"allow":["GET"]}}],"collection":[{"href":"https:\/\/e-kosztorysant.com.pl\/index.php?rest_route=\/wp\/v2\/pages"}],"about":[{"href":"https:\/\/e-kosztorysant.com.pl\/index.php?rest_route=\/wp\/v2\/types\/page"}],"author":[{"embeddable":true,"href":"https:\/\/e-kosztorysant.com.pl\/index.php?rest_route=\/wp\/v2\/users\/1"}],"replies":[{"embeddable":true,"href":"https:\/\/e-kosztorysant.com.pl\/index.php?rest_route=%2Fwp%2Fv2%2Fcomments&post=139"}],"version-history":[{"count":2,"href":"https:\/\/e-kosztorysant.com.pl\/index.php?rest_route=\/wp\/v2\/pages\/139\/revisions"}],"predecessor-version":[{"id":142,"href":"https:\/\/e-kosztorysant.com.pl\/index.php?rest_route=\/wp\/v2\/pages\/139\/revisions\/142"}],"wp:attachment":[{"href":"https:\/\/e-kosztorysant.com.pl\/index.php?rest_route=%2Fwp%2Fv2%2Fmedia&parent=139"}],"curies":[{"name":"wp","href":"https:\/\/api.w.org\/{rel}","templated":true}]}}