{"id":109,"date":"2025-10-29T10:08:18","date_gmt":"2025-10-29T09:08:18","guid":{"rendered":"https:\/\/e-kosztorysant.com.pl\/?page_id=109"},"modified":"2025-10-29T13:01:05","modified_gmt":"2025-10-29T12:01:05","slug":"oferta","status":"publish","type":"page","link":"https:\/\/e-kosztorysant.com.pl\/?page_id=109","title":{"rendered":"Oferta"},"content":{"rendered":"\n<p class=\"has-text-align-center has-x-large-font-size\"><strong>Opracowuje kosztorysy w nast\u0119puj\u0105cym zakresie :<\/strong><\/p>\n\n\n\n<div style=\"height:26px\" aria-hidden=\"true\" class=\"wp-block-spacer\"><\/div>\n\n\n\n<p><\/p>\n\n\n\n<ul class=\"wp-block-list\">\n<li><strong>Kosztorysy inwestorskie&nbsp;<\/strong>\u2013 kalkulacja szacunkowa koszt\u00f3w wykonania robot, przygotowywana dla inwestora<\/li>\n<\/ul>\n\n\n\n<ul class=\"wp-block-list\">\n<li><strong>Kosztorysy ofertowe<\/strong>&nbsp;\u2013 kalkulacja ceny oferty, opracowywana dla wykonawcy na potrzeby z\u0142o\u017cenia oferty na wykonanie okre\u015blonych rob\u00f3t lub przetargu<\/li>\n<\/ul>\n\n\n\n<ul class=\"wp-block-list\">\n<li><strong>Kosztorysy powykonawcze<\/strong>&nbsp;\u2013 kalkulacja dla ustalenia wynagrodzenia wykonawcy za wykonane roboty, gdy nie zosta\u0142 opracowany kosztorys ofertowy b\u0105d\u017a zmieni\u0142 si\u0119 zakres robot; jest sporz\u0105dzany dla wykonawcy po wykonaniu prac<\/li>\n<\/ul>\n\n\n\n<ul class=\"wp-block-list\">\n<li><strong>Kosztorysy zamienne<\/strong>&nbsp;\u2013 kalkulacja dla dokonania zamiany ceny ustalonej pierwotnie i przygotowany dla wykonawcy jako propozycja zmian pierwotnego kosztorysu z uwagi na zmiany pocz\u0105tkowo okre\u015blonego zakresu prac<\/li>\n<\/ul>\n\n\n\n<p><strong>a tak\u017ce:<\/strong><\/p>\n\n\n\n<ul class=\"wp-block-list\">\n<li>Przedmiary i obmiary na obiekcie<\/li>\n<\/ul>\n\n\n\n<ul class=\"wp-block-list\">\n<li>Kosztorysy w ramach dofinansowania PFRON<\/li>\n<\/ul>\n\n\n\n<ul class=\"wp-block-list\">\n<li>Kosztorysy dla banku w celu uzyskania kredytu na budow\u0119 domu<\/li>\n<\/ul>\n\n\n\n<ul class=\"wp-block-list\">\n<li>Kosztorysy dla os\u00f3b ubiegaj\u0105cych si\u0119 o dotacje unijne<\/li>\n<\/ul>\n\n\n\n<ul class=\"wp-block-list\">\n<li>Kalkulacji i szacowania warto\u015bci inwestycji<\/li>\n<\/ul>\n\n\n\n<ul class=\"wp-block-list\">\n<li>Aktualizacje kosztorys\u00f3w wed\u0142ug aktualnych stawek RMS<\/li>\n<\/ul>\n\n\n\n<ul class=\"wp-block-list\">\n<li>Weryfikacja merytoryczna kosztorys\u00f3w<\/li>\n<\/ul>\n\n\n\n<ul class=\"wp-block-list\">\n<li>Specyfikacje techniczne<\/li>\n<\/ul>\n","protected":false},"excerpt":{"rendered":"<p>Opracowuje kosztorysy w nast\u0119puj\u0105cym zakresie : a tak\u017ce:<\/p>\n","protected":false},"author":1,"featured_media":0,"parent":0,"menu_order":0,"comment_status":"closed","ping_status":"closed","template":"","meta":{"footnotes":""},"class_list":["post-109","page","type-page","status-publish","hentry"],"_links":{"self":[{"href":"https:\/\/e-kosztorysant.com.pl\/index.php?rest_route=\/wp\/v2\/pages\/109","targetHints":{"allow":["GET"]}}],"collection":[{"href":"https:\/\/e-kosztorysant.com.pl\/index.php?rest_route=\/wp\/v2\/pages"}],"about":[{"href":"https:\/\/e-kosztorysant.com.pl\/index.php?rest_route=\/wp\/v2\/types\/page"}],"author":[{"embeddable":true,"href":"https:\/\/e-kosztorysant.com.pl\/index.php?rest_route=\/wp\/v2\/users\/1"}],"replies":[{"embeddable":true,"href":"https:\/\/e-kosztorysant.com.pl\/index.php?rest_route=%2Fwp%2Fv2%2Fcomments&post=109"}],"version-history":[{"count":18,"href":"https:\/\/e-kosztorysant.com.pl\/index.php?rest_route=\/wp\/v2\/pages\/109\/revisions"}],"predecessor-version":[{"id":146,"href":"https:\/\/e-kosztorysant.com.pl\/index.php?rest_route=\/wp\/v2\/pages\/109\/revisions\/146"}],"wp:attachment":[{"href":"https:\/\/e-kosztorysant.com.pl\/index.php?rest_route=%2Fwp%2Fv2%2Fmedia&parent=109"}],"curies":[{"name":"wp","href":"https:\/\/api.w.org\/{rel}","templated":true}]}}